{"id":3,"date":"2024-11-29T15:47:08","date_gmt":"2024-11-29T14:47:08","guid":{"rendered":"https:\/\/alacepptitbleuptitjaune.org\/?page_id=3"},"modified":"2024-12-07T16:58:38","modified_gmt":"2024-12-07T15:58:38","slug":"politique-de-confidentialite","status":"publish","type":"page","link":"https:\/\/alacepptitbleuptitjaune.org\/?page_id=3","title":{"rendered":"Mentions l\u00e9gales"},"content":{"rendered":"\n<h2 class=\"wp-block-heading has-ast-global-color-3-color has-text-color has-link-color wp-elements-fa31b774d2232f7bdc35a0978f44abbf\">Mentions l\u00e9gales<\/h2>\n\n\n\n<p>Conform\u00e9ment aux dispositions de la loi n\u00b0 2004-575 du 21 juin 2004 pour la confiance en l&rsquo;\u00e9conomie num\u00e9rique, il est pr\u00e9cis\u00e9 aux utilisateurs du site ptitbleuptitjaune l&rsquo;identit\u00e9 des diff\u00e9rents intervenants dans le cadre de sa r\u00e9alisation et de son suivi.<\/p>\n\n\n\n<p>Le pr\u00e9sent site, accessible \u00e0 l\u2019URL https:\/\/alacepptitbleuptitjaune.org est \u00e9dit\u00e9 par L\u2019association A.L.A.C.E.P, enregistr\u00e9e aupr\u00e8s de la pr\u00e9fecture\/sous-pr\u00e9fecture de 21 &#8211; Pr\u00e9fecture Dijon sous le num\u00e9ro 41838072100013, ayant son si\u00e8ge situ\u00e9 \u00e0 1 All\u00e9e du Mail, repr\u00e9sent\u00e9e par un bureau de 8 copr\u00e9sidents d\u00fbment habilit\u00e9(e)s<\/p>\n\n\n\n<p>Nous contacter\u00a0:  +33380527915 ; contact@alacepptitbleuptitjaune.org ; ALACEP BP 50148 21304 Chen\u00f4ve Cedex<\/p>\n\n\n\n<p><\/p>\n","protected":false},"excerpt":{"rendered":"<p>Mentions l\u00e9gales Conform\u00e9ment aux dispositions de la loi n\u00b0 2004-575 du 21 juin 2004 pour la confiance en l&rsquo;\u00e9conomie num\u00e9rique, [&hellip;]<\/p>\n","protected":false},"author":1,"featured_media":0,"parent":0,"menu_order":0,"comment_status":"closed","ping_status":"open","template":"","meta":{"_uag_custom_page_level_css":"","site-sidebar-layout":"default","site-content-layout":"","ast-site-content-layout":"default","site-content-style":"default","site-sidebar-style":"default","ast-global-header-display":"","ast-banner-title-visibility":"","ast-main-header-display":"","ast-hfb-above-header-display":"","ast-hfb-below-header-display":"","ast-hfb-mobile-header-display":"","site-post-title":"","ast-breadcrumbs-content":"","ast-featured-img":"","footer-sml-layout":"","theme-transparent-header-meta":"","adv-header-id-meta":"","stick-header-meta":"","header-above-stick-meta":"","header-main-stick-meta":"","header-below-stick-meta":"","astra-migrate-meta-layouts":"default","ast-page-background-enabled":"default","ast-page-background-meta":{"desktop":{"background-color":"var(--ast-global-color-4)","background-image":"","background-repeat":"repeat","background-position":"center center","background-size":"auto","background-attachment":"scroll","background-type":"","background-media":"","overlay-type":"","overlay-color":"","overlay-opacity":"","overlay-gradient":""},"tablet":{"background-color":"","background-image":"","background-repeat":"repeat","background-position":"center center","background-size":"auto","background-attachment":"scroll","background-type":"","background-media":"","overlay-type":"","overlay-color":"","overlay-opacity":"","overlay-gradient":""},"mobile":{"background-color":"","background-image":"","background-repeat":"repeat","background-position":"center center","background-size":"auto","background-attachment":"scroll","background-type":"","background-media":"","overlay-type":"","overlay-color":"","overlay-opacity":"","overlay-gradient":""}},"ast-content-background-meta":{"desktop":{"background-color":"var(--ast-global-color-5)","background-image":"","background-repeat":"repeat","background-position":"center center","background-size":"auto","background-attachment":"scroll","background-type":"","background-media":"","overlay-type":"","overlay-color":"","overlay-opacity":"","overlay-gradient":""},"tablet":{"background-color":"var(--ast-global-color-5)","background-image":"","background-repeat":"repeat","background-position":"center center","background-size":"auto","background-attachment":"scroll","background-type":"","background-media":"","overlay-type":"","overlay-color":"","overlay-opacity":"","overlay-gradient":""},"mobile":{"background-color":"var(--ast-global-color-5)","background-image":"","background-repeat":"repeat","background-position":"center center","background-size":"auto","background-attachment":"scroll","background-type":"","background-media":"","overlay-type":"","overlay-color":"","overlay-opacity":"","overlay-gradient":""}},"footnotes":""},"class_list":["post-3","page","type-page","status-publish","hentry"],"yoast_head":"<!-- This site is optimized with the Yoast SEO plugin v27.5 - https:\/\/yoast.com\/product\/yoast-seo-wordpress\/ -->\n<title>Mentions l\u00e9gales - P&#039;tit Bleu P&#039;tit Jaune<\/title>\n<meta name=\"robots\" content=\"index, follow, max-snippet:-1, max-image-preview:large, max-video-preview:-1\" \/>\n<link rel=\"canonical\" href=\"https:\/\/alacepptitbleuptitjaune.org\/?page_id=3\" \/>\n<meta property=\"og:locale\" content=\"fr_FR\" \/>\n<meta property=\"og:type\" content=\"article\" \/>\n<meta property=\"og:title\" content=\"Mentions l\u00e9gales - P&#039;tit Bleu P&#039;tit Jaune\" \/>\n<meta property=\"og:description\" content=\"Mentions l\u00e9gales Conform\u00e9ment aux dispositions de la loi n\u00b0 2004-575 du 21 juin 2004 pour la confiance en l&rsquo;\u00e9conomie num\u00e9rique, [&hellip;]\" \/>\n<meta property=\"og:url\" content=\"https:\/\/alacepptitbleuptitjaune.org\/?page_id=3\" \/>\n<meta property=\"og:site_name\" content=\"P&#039;tit Bleu P&#039;tit Jaune\" \/>\n<meta property=\"article:publisher\" content=\"https:\/\/www.facebook.com\/ptitbleuptitjaune\" \/>\n<meta property=\"article:modified_time\" content=\"2024-12-07T15:58:38+00:00\" \/>\n<meta property=\"og:image\" content=\"https:\/\/alacepptitbleuptitjaune.org\/wp-content\/uploads\/2024\/12\/logo-alacep-0012018.jpg\" \/>\n\t<meta property=\"og:image:width\" content=\"245\" \/>\n\t<meta property=\"og:image:height\" content=\"146\" \/>\n\t<meta property=\"og:image:type\" content=\"image\/jpeg\" \/>\n<meta name=\"twitter:card\" content=\"summary_large_image\" \/>\n<meta name=\"twitter:label1\" content=\"Dur\u00e9e de lecture estim\u00e9e\" \/>\n\t<meta name=\"twitter:data1\" content=\"1 minute\" \/>\n<script type=\"application\/ld+json\" class=\"yoast-schema-graph\">{\"@context\":\"https:\\\/\\\/schema.org\",\"@graph\":[{\"@type\":\"WebPage\",\"@id\":\"https:\\\/\\\/alacepptitbleuptitjaune.org\\\/?page_id=3\",\"url\":\"https:\\\/\\\/alacepptitbleuptitjaune.org\\\/?page_id=3\",\"name\":\"Mentions l\u00e9gales - P&#039;tit Bleu P&#039;tit Jaune\",\"isPartOf\":{\"@id\":\"https:\\\/\\\/alacepptitbleuptitjaune.org\\\/#website\"},\"datePublished\":\"2024-11-29T14:47:08+00:00\",\"dateModified\":\"2024-12-07T15:58:38+00:00\",\"breadcrumb\":{\"@id\":\"https:\\\/\\\/alacepptitbleuptitjaune.org\\\/?page_id=3#breadcrumb\"},\"inLanguage\":\"fr-FR\",\"potentialAction\":[{\"@type\":\"ReadAction\",\"target\":[\"https:\\\/\\\/alacepptitbleuptitjaune.org\\\/?page_id=3\"]}]},{\"@type\":\"BreadcrumbList\",\"@id\":\"https:\\\/\\\/alacepptitbleuptitjaune.org\\\/?page_id=3#breadcrumb\",\"itemListElement\":[{\"@type\":\"ListItem\",\"position\":1,\"name\":\"Accueil\",\"item\":\"https:\\\/\\\/alacepptitbleuptitjaune.org\\\/\"},{\"@type\":\"ListItem\",\"position\":2,\"name\":\"Mentions l\u00e9gales\"}]},{\"@type\":\"WebSite\",\"@id\":\"https:\\\/\\\/alacepptitbleuptitjaune.org\\\/#website\",\"url\":\"https:\\\/\\\/alacepptitbleuptitjaune.org\\\/\",\"name\":\"P'tit Bleu P'tit Jaune\",\"description\":\"lieu accueil parents aenfants\",\"publisher\":{\"@id\":\"https:\\\/\\\/alacepptitbleuptitjaune.org\\\/#organization\"},\"alternateName\":\"ALACEP\",\"potentialAction\":[{\"@type\":\"SearchAction\",\"target\":{\"@type\":\"EntryPoint\",\"urlTemplate\":\"https:\\\/\\\/alacepptitbleuptitjaune.org\\\/?s={search_term_string}\"},\"query-input\":{\"@type\":\"PropertyValueSpecification\",\"valueRequired\":true,\"valueName\":\"search_term_string\"}}],\"inLanguage\":\"fr-FR\"},{\"@type\":\"Organization\",\"@id\":\"https:\\\/\\\/alacepptitbleuptitjaune.org\\\/#organization\",\"name\":\"P'tit Bleu P'tit Jaune - ALACEP\",\"alternateName\":\"ALACEP\",\"url\":\"https:\\\/\\\/alacepptitbleuptitjaune.org\\\/\",\"logo\":{\"@type\":\"ImageObject\",\"inLanguage\":\"fr-FR\",\"@id\":\"https:\\\/\\\/alacepptitbleuptitjaune.org\\\/#\\\/schema\\\/logo\\\/image\\\/\",\"url\":\"https:\\\/\\\/alacepptitbleuptitjaune.org\\\/wp-content\\\/uploads\\\/2024\\\/12\\\/logo-alacep-0012018.jpg\",\"contentUrl\":\"https:\\\/\\\/alacepptitbleuptitjaune.org\\\/wp-content\\\/uploads\\\/2024\\\/12\\\/logo-alacep-0012018.jpg\",\"width\":245,\"height\":146,\"caption\":\"P'tit Bleu P'tit Jaune - ALACEP\"},\"image\":{\"@id\":\"https:\\\/\\\/alacepptitbleuptitjaune.org\\\/#\\\/schema\\\/logo\\\/image\\\/\"},\"sameAs\":[\"https:\\\/\\\/www.facebook.com\\\/ptitbleuptitjaune\"]}]}<\/script>\n<!-- \/ Yoast SEO plugin. -->","yoast_head_json":{"title":"Mentions l\u00e9gales - P&#039;tit Bleu P&#039;tit Jaune","robots":{"index":"index","follow":"follow","max-snippet":"max-snippet:-1","max-image-preview":"max-image-preview:large","max-video-preview":"max-video-preview:-1"},"canonical":"https:\/\/alacepptitbleuptitjaune.org\/?page_id=3","og_locale":"fr_FR","og_type":"article","og_title":"Mentions l\u00e9gales - P&#039;tit Bleu P&#039;tit Jaune","og_description":"Mentions l\u00e9gales Conform\u00e9ment aux dispositions de la loi n\u00b0 2004-575 du 21 juin 2004 pour la confiance en l&rsquo;\u00e9conomie num\u00e9rique, [&hellip;]","og_url":"https:\/\/alacepptitbleuptitjaune.org\/?page_id=3","og_site_name":"P&#039;tit Bleu P&#039;tit Jaune","article_publisher":"https:\/\/www.facebook.com\/ptitbleuptitjaune","article_modified_time":"2024-12-07T15:58:38+00:00","og_image":[{"width":245,"height":146,"url":"https:\/\/alacepptitbleuptitjaune.org\/wp-content\/uploads\/2024\/12\/logo-alacep-0012018.jpg","type":"image\/jpeg"}],"twitter_card":"summary_large_image","twitter_misc":{"Dur\u00e9e de lecture estim\u00e9e":"1 minute"},"schema":{"@context":"https:\/\/schema.org","@graph":[{"@type":"WebPage","@id":"https:\/\/alacepptitbleuptitjaune.org\/?page_id=3","url":"https:\/\/alacepptitbleuptitjaune.org\/?page_id=3","name":"Mentions l\u00e9gales - P&#039;tit Bleu P&#039;tit Jaune","isPartOf":{"@id":"https:\/\/alacepptitbleuptitjaune.org\/#website"},"datePublished":"2024-11-29T14:47:08+00:00","dateModified":"2024-12-07T15:58:38+00:00","breadcrumb":{"@id":"https:\/\/alacepptitbleuptitjaune.org\/?page_id=3#breadcrumb"},"inLanguage":"fr-FR","potentialAction":[{"@type":"ReadAction","target":["https:\/\/alacepptitbleuptitjaune.org\/?page_id=3"]}]},{"@type":"BreadcrumbList","@id":"https:\/\/alacepptitbleuptitjaune.org\/?page_id=3#breadcrumb","itemListElement":[{"@type":"ListItem","position":1,"name":"Accueil","item":"https:\/\/alacepptitbleuptitjaune.org\/"},{"@type":"ListItem","position":2,"name":"Mentions l\u00e9gales"}]},{"@type":"WebSite","@id":"https:\/\/alacepptitbleuptitjaune.org\/#website","url":"https:\/\/alacepptitbleuptitjaune.org\/","name":"P'tit Bleu P'tit Jaune","description":"lieu accueil parents aenfants","publisher":{"@id":"https:\/\/alacepptitbleuptitjaune.org\/#organization"},"alternateName":"ALACEP","potentialAction":[{"@type":"SearchAction","target":{"@type":"EntryPoint","urlTemplate":"https:\/\/alacepptitbleuptitjaune.org\/?s={search_term_string}"},"query-input":{"@type":"PropertyValueSpecification","valueRequired":true,"valueName":"search_term_string"}}],"inLanguage":"fr-FR"},{"@type":"Organization","@id":"https:\/\/alacepptitbleuptitjaune.org\/#organization","name":"P'tit Bleu P'tit Jaune - ALACEP","alternateName":"ALACEP","url":"https:\/\/alacepptitbleuptitjaune.org\/","logo":{"@type":"ImageObject","inLanguage":"fr-FR","@id":"https:\/\/alacepptitbleuptitjaune.org\/#\/schema\/logo\/image\/","url":"https:\/\/alacepptitbleuptitjaune.org\/wp-content\/uploads\/2024\/12\/logo-alacep-0012018.jpg","contentUrl":"https:\/\/alacepptitbleuptitjaune.org\/wp-content\/uploads\/2024\/12\/logo-alacep-0012018.jpg","width":245,"height":146,"caption":"P'tit Bleu P'tit Jaune - ALACEP"},"image":{"@id":"https:\/\/alacepptitbleuptitjaune.org\/#\/schema\/logo\/image\/"},"sameAs":["https:\/\/www.facebook.com\/ptitbleuptitjaune"]}]}},"uagb_featured_image_src":{"full":false,"thumbnail":false,"medium":false,"medium_large":false,"large":false,"1536x1536":false,"2048x2048":false},"uagb_author_info":{"display_name":"adminlo","author_link":"https:\/\/alacepptitbleuptitjaune.org\/?author=1"},"uagb_comment_info":0,"uagb_excerpt":"Mentions l\u00e9gales Conform\u00e9ment aux dispositions de la loi n\u00b0 2004-575 du 21 juin 2004 pour la confiance en l&rsquo;\u00e9conomie num\u00e9rique, [&hellip;]","_links":{"self":[{"href":"https:\/\/alacepptitbleuptitjaune.org\/index.php?rest_route=\/wp\/v2\/pages\/3","targetHints":{"allow":["GET"]}}],"collection":[{"href":"https:\/\/alacepptitbleuptitjaune.org\/index.php?rest_route=\/wp\/v2\/pages"}],"about":[{"href":"https:\/\/alacepptitbleuptitjaune.org\/index.php?rest_route=\/wp\/v2\/types\/page"}],"author":[{"embeddable":true,"href":"https:\/\/alacepptitbleuptitjaune.org\/index.php?rest_route=\/wp\/v2\/users\/1"}],"replies":[{"embeddable":true,"href":"https:\/\/alacepptitbleuptitjaune.org\/index.php?rest_route=%2Fwp%2Fv2%2Fcomments&post=3"}],"version-history":[{"count":2,"href":"https:\/\/alacepptitbleuptitjaune.org\/index.php?rest_route=\/wp\/v2\/pages\/3\/revisions"}],"predecessor-version":[{"id":237,"href":"https:\/\/alacepptitbleuptitjaune.org\/index.php?rest_route=\/wp\/v2\/pages\/3\/revisions\/237"}],"wp:attachment":[{"href":"https:\/\/alacepptitbleuptitjaune.org\/index.php?rest_route=%2Fwp%2Fv2%2Fmedia&parent=3"}],"curies":[{"name":"wp","href":"https:\/\/api.w.org\/{rel}","templated":true}]}}